{"id":8,"date":"2023-01-02T17:45:33","date_gmt":"2023-01-02T16:45:33","guid":{"rendered":"http:\/\/geo-kompas.pl\/index.php\/one-page-express\/"},"modified":"2025-07-25T06:46:18","modified_gmt":"2025-07-25T04:46:18","slug":"one-page-express","status":"publish","type":"page","link":"https:\/\/geo-kompas.pl\/","title":{"rendered":"Dariusz Kozak"},"content":{"rendered":"<div  id=\"about-1\" style=\"background-color: #f6f6f6;\" data-label=\"About\" data-id=\"about-big-images-section\" data-category=\"about\" class=\"about-big-images-section\">\n<div  class=\"gridContainer\">\n<div  class=\"about-big-images-textrow\">\n<div  class=\"about-big-images-textcol dynamic-color\" data-type=\"column\">\n<h3  class=\"\">Oferujemy pe\u0142ny zakres us\u0142ug geodezyjnych w zakresie podstawowych pomiar\u00f3w, podzia\u0142\u00f3w nieruchomo\u015bci oraz obs\u0142ugi inwestycji.\nPrzemawia za nami do\u015bwiadczenie, elastyczno\u015b\u0107\ni konkurencyjne ceny.\n\nDzia\u0142amy na terenie powiatu lubartowskiego, parczewskiego, \u0142\u0119czy\u0144skiego i lubelskiego.Zapraszamy do kontaktu.<\/h3>\n<p  class=\"\">Us\u0142ugi geodezyjne, kartograficzne, obs\u0142uga inwestycji<\/p>\n <a  class=\"button blue big\" href=\"tel:509974728\" target=\"_self\" rel=\"noopener\">Zadzwo\u0144<\/a>\n\n<\/div>\n<\/div>\n<\/div>\n<div  class=\"about-big-images-bottomrow\">\n<div  class=\"about-big-images-leftimgcol\"><img  decoding=\"async\" class=\"about-big-images-leftimg\" src=\"http:\/\/geo-kompas.pl\/wp-content\/uploads\/2023\/01\/6.jpg\" alt=\"\"><\/div>\n<div  class=\"about-big-images-centerimgcol\"><img  decoding=\"async\" class=\"about-big-images-centerimg\" src=\"http:\/\/geo-kompas.pl\/wp-content\/uploads\/2023\/01\/10.jpg\" alt=\"\"><\/div>\n<div  class=\"about-big-images-rightimgcol\"><img  decoding=\"async\" class=\"about-big-images-rightimg\" src=\"http:\/\/geo-kompas.pl\/wp-content\/uploads\/2023\/01\/5.jpg\" alt=\"\"><\/div>\n<\/div>\n<\/div><div  id=\"oferta\" style=\"background-color: #ffffff;\" data-label=\"Oferta\" data-id=\"content-image-left\" data-category=\"content\" class=\"content-left-image-section\">\n<div  class=\"gridContainer\">\n<div  class=\"row\">\n<div  class=\"content-left-image-imgcol\" data-type=\"column\"> <img  decoding=\"async\" src=\"http:\/\/geo-kompas.pl\/wp-content\/uploads\/2023\/01\/5.jpg\" class=\"\" alt=\"\"><\/div>\n<div  class=\"content-left-image-textcol dynamic-color\" data-type=\"column\">\n<h2  class=\"\">Oferujemy<\/h2>\n<p  class=\"large_text\">Mapa do cel\u00f3w projektowych\nkonieczna przy wykonaniu projektu budowlanego<\/p>\nMapa do cel\u00f3w prawnych\nniezb\u0119dna przy zak\u0142adaniu ksi\u0119gi wieczystej i regulacji stan\u00f3w prawnych nieruchomo\u015bci\n\nMapa do cel\u00f3w prawnych z projektem podzia\u0142u\nkompleksowa obs\u0142uga podzia\u0142\u00f3w nieruchomo\u015bci\n\nGeodezyjna obs\u0142uga budowy\nobs\u0142uga budownictwa jednorodzinnego i projekt\u00f3w infrastukturalnych, obiekt\u00f3w przemys\u0142owych,&nbsp; tyczenia, niwelacje, wyznaczenie osi budynk\u00f3w i inne\n\nPomiary powykonawcze\ninwentaryzacje budynk\u00f3w i przy\u0142\u0105czy\n\n<a  class=\"button blue\" href=\"mailto:geo-kompas@o2.pl\" target=\"_self\" rel=\"noopener\">Napisz do nas<\/a>\n\n<\/div>\n<\/div>\n<\/div>\n<\/div><div  id=\"zakres-prac\" style=\"background-color: #ffffff;\" data-label=\"Zakres prac\" data-id=\"stripped-coloured-icon-boxes\" data-category=\"overlapable\" class=\"features-coloured-icon-boxes-section\" data-overlap=\"true\">\n<div  class=\"gridContainer\">\n<div  class=\"features-coloured-icon-boxes-innerrow flexbox-list dark-text\" data-type=\"row\">\n<div  class=\"features-coloured-icon-boxes-featurecol cp2cols\">\n<div  class=\"features-coloured-icon-boxes-iconcontainer\" data-content-item-container=\"true\"> <i  data-cp-fa=\"true\" class=\"features-coloured-icon fa fa-bolt\"><\/i><\/div>\n<h4  class=\"\">Mapy do&nbsp;cel\u00f3w projektowych<\/h4>\n<p  class=\"\">Opracowujemy mapy do&nbsp;cel\u00f3w projektowych wchodz\u0105ce w&nbsp;sk\u0142ad dokumentacji budowlanej.&nbsp; Mapy do&nbsp;cel\u00f3w projektowych wykonujemy, zale\u017cnie od&nbsp;indywidualnych potrzeb oraz&nbsp;charakteru inwestycji, w&nbsp;dowolnej skali.<\/p>\n <a  class=\"features-coloured-button\" href=\"tel:818552850\" target=\"_self\" rel=\"noopener\">Zadzwo\u0144<\/a>\n\n<\/div>\n<div  class=\"features-coloured-icon-boxes-featurecol cp2cols\">\n<div  class=\"features-coloured-icon-boxes-iconcontainer\" data-content-item-container=\"true\"> <i  data-cp-fa=\"true\" class=\"features-coloured-icon fa fa-cloud\"><\/i><\/div>\n<h4  class=\"\">Ustalenia \/ Wyznaczenia granic<\/h4>\n<p  class=\"\">W ramach \u015bwiadczonych przez nas us\u0142ug geodezyjnych oferujemy r\u00f3wnie\u017c&nbsp; ustalenia i wyznaczenia&nbsp; granic.&nbsp; Z zastosowaniem specjalistycznych narz\u0119dzi pomiarowych odtwarzamy rzeczywisty stan granic i zg\u0142aszamy dokumentacj\u0119 do w\u0142a\u015bciwego urz\u0119du. Sporz\u0105dzamy r\u00f3wnie\u017c protoko\u0142y, na kt\u00f3rych podstawie mo\u017cliwe jest przywr\u00f3cenie rzeczywistych granic dzia\u0142ki.<\/p>\n <a  class=\"features-coloured-button\" href=\"tel:818552850\" target=\"_self\" rel=\"noopener\">Zadzwo\u0144<\/a>\n\n<\/div>\n<div  class=\"features-coloured-icon-boxes-featurecol cp2cols\">\n<div  class=\"features-coloured-icon-boxes-iconcontainer\" data-content-item-container=\"true\"> <i  data-cp-fa=\"true\" class=\"features-coloured-icon fa fa-signal\"><\/i><\/div>\n<h4  class=\"\">Tyczenie obiekt\u00f3w budowlanych.<\/h4>\n<p  class=\"\">Oferujemy tyczenie projekt\u00f3w w&nbsp;terenie. Z&nbsp;u\u017cyciem specjalistycznego sprz\u0119tu i&nbsp;zgodnie z&nbsp;za\u0142o\u017ceniami projektowymi sytuujemy w&nbsp;terenie budynki i&nbsp;budowle. Tyczenie projektu w&nbsp;terenie przeprowadzamy na&nbsp;podstawie posiadanego pozwolenia na&nbsp;budow\u0119 i&nbsp;mapy do&nbsp;cel\u00f3w projektowych.<\/p>\n <a  class=\"features-coloured-button\" href=\"tel:818552850\" target=\"_self\" rel=\"noopener\">Zadzwo\u0144<\/a>\n\n<\/div>\n<div  class=\"features-coloured-icon-boxes-featurecol cp2cols\">\n<div  class=\"features-coloured-icon-boxes-iconcontainer\" data-content-item-container=\"true\"> <i  data-cp-fa=\"true\" class=\"features-coloured-icon fa fa-pie-chart\"><\/i><\/div>\n<h4  class=\"\">Inwentaryzacje powykonawcze<\/h4>\n<p  class=\"\">Sporz\u0105dzamy geodezyjne inwentaryzacje powykonawcze wykonywane w&nbsp;celu weryfikacji zgodno\u015bci wykonanych prac budowlanych z&nbsp;za\u0142o\u017ceniami projektowymi. Opracowywana przez nas kompletna dokumentacja geodezyjno-kartograficzna zawiera dane niezb\u0119dne do&nbsp;naniesienia zmian na&nbsp;map\u0119 zasadnicz\u0105 oraz&nbsp;do&nbsp;ewidencji grunt\u00f3w, budynk\u00f3w i&nbsp;sieci uzbrojenia terenu.<\/p>\n <a  class=\"features-coloured-button\" href=\"tel:818552850\" target=\"_self\" rel=\"noopener\">Zadzwo\u0144<\/a>\n\n<\/div>\n<div  class=\"features-coloured-icon-boxes-featurecol cp2cols\">\n<div  class=\"features-coloured-icon-boxes-iconcontainer\" data-content-item-container=\"true\"> <i  data-cp-fa=\"true\" class=\"features-coloured-icon fa fa-bolt\"><\/i><\/div>\n<h4  class=\"\">Podzia\u0142y nieruchomo\u015bci<\/h4>\n<p  class=\"\">&nbsp;Oferujemy opracowywanie projekt\u00f3w podzia\u0142u nieruchomo\u015bci. Zajmujemy si\u0119 wytyczaniem nowych granic i punkt\u00f3w granicznych zgodnie z now\u0105 konfiguracj\u0105 podzia\u0142u nieruchomo\u015bci. Podzia\u0142y nieruchomo\u015bci wykonujemy m.in. na potrzeby planowanej sprzeda\u017cy dzia\u0142ki lub darowizny. W ramach podzia\u0142\u00f3w nieruchomo\u015bci zapewniamy organizacj\u0119 wszystkich formalno\u015bci zwi\u0105zanych z przygotowaniem i zg\u0142oszeniem dokumentacji do w\u0142a\u015bciwych organ\u00f3w.<\/p>\n <a  class=\"features-coloured-button\" href=\"tel:818552850\" target=\"_self\" rel=\"noopener\">Zadzwo\u0144<\/a>\n\n<\/div>\n<\/div>\n<\/div>\n<\/div><div  id=\"zespol\" style=\"background-color: #ffffff;\" data-label=\"zespol\" data-id=\"team-colors-section\" data-category=\"team\" class=\"team-colors-section\">\n<div  class=\"gridContainer\">\n<div  class=\"team-colors-textcol dynamic-color\">\n<h2 >Nasz Zesp\u00f3\u0142<\/h2>\n<p  class=\"\">Geodezja Kompas sk\u0142ada sie z grona wykwalifikowanych pracownik\u00f3w.<\/p>\n\n\n<\/div>\n<div  class=\"team-colors-membersrow dark-text\" data-type=\"row\">\n<div  class=\"team-colors-membercol cp3cols cp6cols-tablet\">\n<div  class=\"team-colors-membercard\">\n<div  class=\"team-colors-background\"><\/div>\n<div  class=\"team-colors-memberinfo\" data-type=\"column\"><img  decoding=\"async\" class=\"team-colors-memberimg\" data-size=\"500x500\" src=\"http:\/\/geo-kompas.pl\/wp-content\/uploads\/2023\/01\/cropped-325581547_1355243588620679_2218123834695483282_n.jpg\" alt=\"\">\n<h4  class=\"team-colors-membername\">Dariusz Kozak<\/h4>\n<p  class=\"team-colors-memberposition\">W\u0142a\u015bciciel<\/p>\n<p  class=\"\">In\u017cynier Geodeta z wieloletnim sta\u017cem<\/p>\n\n\n<hr  class=\"team-colors-separator\">\n\n<\/div>\n<div  class=\"team-colors-membericons\" data-type=\"group\"> <a  href=\"#\" target=\"_self\" data-reiki-hidden=\"true\" rel=\"noopener\"><i  data-cp-fa=\"true\" class=\"team-colors-icon fa fa-linkedin\"><\/i><\/a> <a  href=\"#\" target=\"_self\" data-reiki-hidden=\"true\" rel=\"noopener\"><i  data-cp-fa=\"true\" class=\"fa team-colors-icon fa-twitter\"><\/i><\/a> <a  href=\"#\" target=\"_self\" data-reiki-hidden=\"true\" rel=\"noopener\"><i  data-cp-fa=\"true\" class=\"fa team-colors-icon fa-dribbble\"><\/i><\/a><\/div>\n<\/div>\n<\/div>\n<div  class=\"team-colors-membercol cp3cols cp6cols-tablet\">\n<div  class=\"team-colors-membercard\">\n<div  class=\"team-colors-background\"><\/div>\n<div  class=\"team-colors-memberinfo\" data-type=\"column\"><img  decoding=\"async\" class=\"team-colors-memberimg\" data-size=\"500x500\" src=\"http:\/\/geo-kompas.pl\/wp-content\/plugins\/one-page-express-companion\/theme-data\/one-page-express\/sections\/images\/face11.jpg\">\n<h4  class=\"team-colors-membername\">Weronika<\/h4>\n<p  class=\"team-colors-memberposition\">Pracownik biura<\/p>\n<p  class=\"\">Obs\u0142uga dokumentacji geodezyjnej<\/p>\n\n\n<hr  class=\"team-colors-separator\">\n\n<\/div>\n<div  class=\"team-colors-membericons\" data-type=\"group\"> <a  href=\"#\" target=\"_self\" data-reiki-hidden=\"true\" rel=\"noopener\"><i  data-cp-fa=\"true\" class=\"team-colors-icon fa fa-linkedin\"><\/i><\/a> <a  href=\"#\" target=\"_self\" data-reiki-hidden=\"true\" rel=\"noopener\"><i  data-cp-fa=\"true\" class=\"fa team-colors-icon fa-twitter\"><\/i><\/a> <a  href=\"#\" target=\"_self\" data-reiki-hidden=\"true\" rel=\"noopener\"><i  data-cp-fa=\"true\" class=\"fa team-colors-icon fa-dribbble\"><\/i><\/a><\/div>\n<\/div>\n<\/div>\n<div  class=\"team-colors-membercol cp3cols cp6cols-tablet\">\n<div  class=\"team-colors-membercard\">\n<div  class=\"team-colors-background\"><\/div>\n<div  class=\"team-colors-memberinfo\" data-type=\"column\"><img  decoding=\"async\" class=\"team-colors-memberimg\" data-size=\"500x500\" src=\"http:\/\/geo-kompas.pl\/wp-content\/uploads\/2023\/01\/cropped-human-gca19a789b_640.jpg\" alt=\"\">\n<h4  class=\"team-colors-membername\">Kazimierz<\/h4>\n<p  class=\"team-colors-memberposition\">Geodeta uprawniony zakres 1,2,4<\/p>\n<p  class=\"\">Kilkadziesi\u0105t lat w zawodzie<\/p>\n\n\n<hr  class=\"team-colors-separator\">\n\n<\/div>\n<div  class=\"team-colors-membericons\" data-type=\"group\"> <a  href=\"#\" target=\"_self\" data-reiki-hidden=\"true\" rel=\"noopener\"><i  data-cp-fa=\"true\" class=\"team-colors-icon fa fa-linkedin\"><\/i><\/a> <a  href=\"#\" target=\"_self\" data-reiki-hidden=\"true\" rel=\"noopener\"><i  data-cp-fa=\"true\" class=\"fa team-colors-icon fa-twitter\"><\/i><\/a> <a  href=\"#\" target=\"_self\" data-reiki-hidden=\"true\" rel=\"noopener\"><i  data-cp-fa=\"true\" class=\"fa team-colors-icon fa-dribbble\"><\/i><\/a><\/div>\n<\/div>\n<\/div>\n<div  class=\"team-colors-membercol cp3cols cp6cols-tablet\">\n<div  class=\"team-colors-membercard\">\n<div  class=\"team-colors-background\"><\/div>\n<div  class=\"team-colors-memberinfo\" data-type=\"column\"><img  decoding=\"async\" class=\"team-colors-memberimg\" data-size=\"500x500\" src=\"http:\/\/geo-kompas.pl\/wp-content\/plugins\/one-page-express-companion\/theme-data\/one-page-express\/sections\/images\/face9.jpg\">\n<h4  class=\"team-colors-membername\">\u0141ukasz<\/h4>\n<p  class=\"team-colors-memberposition\">In\u017cynier Geodeta<\/p>\n<p  class=\"\">Specjalizacja podzia\u0142y nieruchomo\u015bci<\/p>\n\n\n<hr  class=\"team-colors-separator\">\n\n<\/div>\n<div  class=\"team-colors-membericons\" data-type=\"group\"> <a  href=\"#\" target=\"_self\" data-reiki-hidden=\"true\" rel=\"noopener\"><i  data-cp-fa=\"true\" class=\"team-colors-icon fa fa-linkedin\"><\/i><\/a> <a  href=\"#\" target=\"_self\" data-reiki-hidden=\"true\" rel=\"noopener\"><i  data-cp-fa=\"true\" class=\"fa team-colors-icon fa-twitter\"><\/i><\/a> <a  href=\"#\" target=\"_self\" data-reiki-hidden=\"true\" rel=\"noopener\"><i  data-cp-fa=\"true\" class=\"fa team-colors-icon fa-dribbble\"><\/i><\/a><\/div>\n<\/div>\n<\/div>\n<\/div>\n<\/div>\n<\/div><div  id=\"numbers\" data-label=\"Numbers\" data-id=\"numbers-section\" data-category=\"numbers\" data-bg=\"transparent\" class=\"numbers-section\" data-parallax-depth=\"20\">\n<div  class=\"gridContainer dynamic-color\">\n<div  class=\"numbers-itemcol\">\n<h2  class=\"numbers-numbertext\">10000+<\/h2>\n<h3  class=\"numbers-titletext\">Zrealizowanych zlece\u0144<\/h3>\n<\/div>\n<div  class=\"numbers-itemcol\">\n<h2  class=\"numbers-numbertext\">5000+<\/h2>\n<h3  class=\"numbers-titletext\">Map projektowych<\/h3>\n<\/div>\n<div  class=\"numbers-itemcol-last\">\n<h2  class=\"numbers-numbertext\">10000+<\/h2>\n<h3  class=\"numbers-titletext\">Zadowolonych klient\u00f3w<\/h3>\n<\/div>\n<\/div>\n<\/div><div  id=\"kontakt\" data-label=\"Kontakt\" data-id=\"contact-section\" data-category=\"contact\" data-bg=\"transparent\" class=\"contact-section-formsection white-text\">\n<div  class=\"gridContainer\">\n<div  class=\"row_224\">\n<div  class=\"contact-textrow\">\n<div  class=\"contact-textcol dynamic-color\">\n<h2  class=\"\">KONTAKT<\/h2>\n<p  class=\"white_text\">Pracownia geodezyjna KOMPAS\nDariusz Kozak\n\n<br >ul. Lubelska 38 II p.&nbsp; 21-100 Lubart\u00f3w\n\n<br >kom.509 974 728&nbsp; tel.81 855 28 50&nbsp; mail: geo-kompas@o2.pl<\/p>\n\n\n<\/div>\n<\/div>\n<\/div>\n<div  class=\"contact-formcol\" data-content-shortcode=\"one_page_express_contact_form shortcode=&quot;contact-form-7 id=&amp;amp;quot;4&amp;amp;quot; title=&amp;amp;quot;Contact form 1&amp;amp;quot;&quot;\" data-editable=\"true\">\n<div class=\"wpcf7 no-js\" id=\"wpcf7-f4-o1\" lang=\"pl-PL\" dir=\"ltr\" data-wpcf7-id=\"4\">\n<div class=\"screen-reader-response\"><p role=\"status\" aria-live=\"polite\" aria-atomic=\"true\"><\/p> <ul><\/ul><\/div>\n<form action=\"\/index.php\/wp-json\/wp\/v2\/pages\/8#wpcf7-f4-o1\" method=\"post\" class=\"wpcf7-form init\" aria-label=\"Formularz kontaktowy\" novalidate=\"novalidate\" data-status=\"init\">\n<fieldset class=\"hidden-fields-container\"><input type=\"hidden\" name=\"_wpcf7\" value=\"4\" \/><input type=\"hidden\" name=\"_wpcf7_version\" value=\"6.1\" \/><input type=\"hidden\" name=\"_wpcf7_locale\" value=\"pl_PL\" \/><input type=\"hidden\" name=\"_wpcf7_unit_tag\" value=\"wpcf7-f4-o1\" \/><input type=\"hidden\" name=\"_wpcf7_container_post\" value=\"0\" \/><input type=\"hidden\" name=\"_wpcf7_posted_data_hash\" value=\"\" \/>\n<\/fieldset>\n<p><label> Twoje Imi\u0119<br \/>\n<span class=\"wpcf7-form-control-wrap\" data-name=\"your-name\"><input size=\"40\" maxlength=\"400\" class=\"wpcf7-form-control wpcf7-text wpcf7-validates-as-required\" autocomplete=\"name\" aria-required=\"true\" aria-invalid=\"false\" value=\"\" type=\"text\" name=\"your-name\" \/><\/span> <\/label>\n<\/p>\n<p><label> Tw\u00f3j email<br \/>\n<span class=\"wpcf7-form-control-wrap\" data-name=\"your-email\"><input size=\"40\" maxlength=\"400\" class=\"wpcf7-form-control wpcf7-email wpcf7-validates-as-required wpcf7-text wpcf7-validates-as-email\" autocomplete=\"email\" aria-required=\"true\" aria-invalid=\"false\" value=\"\" type=\"email\" name=\"your-email\" \/><\/span> <\/label>\n<\/p>\n<p><label> Temat<br \/>\n<span class=\"wpcf7-form-control-wrap\" data-name=\"your-subject\"><input size=\"40\" maxlength=\"400\" class=\"wpcf7-form-control wpcf7-text wpcf7-validates-as-required\" aria-required=\"true\" aria-invalid=\"false\" value=\"\" type=\"text\" name=\"your-subject\" \/><\/span> <\/label>\n<\/p>\n<p><label> Wiadomo\u015b\u0107 (optional)<br \/>\n<span class=\"wpcf7-form-control-wrap\" data-name=\"your-message\"><textarea cols=\"40\" rows=\"10\" maxlength=\"2000\" class=\"wpcf7-form-control wpcf7-textarea\" aria-invalid=\"false\" name=\"your-message\"><\/textarea><\/span> <\/label>\n<\/p>\n<p><input class=\"wpcf7-form-control wpcf7-submit has-spinner\" type=\"submit\" value=\"Wy\u015blij\" \/>\n<\/p><div class=\"wpcf7-response-output\" aria-hidden=\"true\"><\/div>\n<\/form>\n<\/div>\n<\/div>\n<\/div>\n<\/div>","protected":false},"excerpt":{"rendered":"<p>Oferujemy pe\u0142ny zakres us\u0142ug geodezyjnych w zakresie podstawowych pomiar\u00f3w, podzia\u0142\u00f3w nieruchomo\u015bci oraz obs\u0142ugi inwestycji. Przemawia za nami do\u015bwiadczenie, elastyczno\u015b\u0107 i konkurencyjne ceny. Dzia\u0142amy na terenie powiatu lubartowskiego, parczewskiego, \u0142\u0119czy\u0144skiego i lubelskiego.Zapraszamy do kontaktu. Us\u0142ugi geodezyjne, kartograficzne, obs\u0142uga inwestycji Zadzwo\u0144 Oferujemy Mapa do cel\u00f3w projektowych konieczna przy wykonaniu projektu budowlanego Mapa do cel\u00f3w prawnych niezb\u0119dna przy&hellip; <br \/> <a class=\"button small blue\" href=\"https:\/\/geo-kompas.pl\/index.php\/2023\/01\/02\/witaj-swiecie\/\">Dowiedz si\u0119 wi\u0119cej<\/a><\/p>\n","protected":false},"author":1,"featured_media":0,"parent":0,"menu_order":0,"comment_status":"closed","ping_status":"closed","template":"","meta":{"footnotes":""},"class_list":["post-8","page","type-page","status-publish","hentry"],"yoast_head":"<!-- This site is optimized with the Yoast SEO plugin v25.5 - https:\/\/yoast.com\/wordpress\/plugins\/seo\/ -->\n<title>Dariusz Kozak - Geo-Kompas<\/title>\n<meta name=\"robots\" content=\"index, follow, max-snippet:-1, max-image-preview:large, max-video-preview:-1\" \/>\n<link rel=\"canonical\" href=\"http:\/\/geo-kompas.pl\/\" \/>\n<meta property=\"og:locale\" content=\"pl_PL\" \/>\n<meta property=\"og:type\" content=\"article\" \/>\n<meta property=\"og:title\" content=\"Dariusz Kozak - Geo-Kompas\" \/>\n<meta property=\"og:description\" content=\"Oferujemy pe\u0142ny zakres us\u0142ug geodezyjnych w zakresie podstawowych pomiar\u00f3w, podzia\u0142\u00f3w nieruchomo\u015bci oraz obs\u0142ugi inwestycji. Przemawia za nami do\u015bwiadczenie, elastyczno\u015b\u0107 i konkurencyjne ceny. Dzia\u0142amy na terenie powiatu lubartowskiego, parczewskiego, \u0142\u0119czy\u0144skiego i lubelskiego.Zapraszamy do kontaktu. Us\u0142ugi geodezyjne, kartograficzne, obs\u0142uga inwestycji Zadzwo\u0144 Oferujemy Mapa do cel\u00f3w projektowych konieczna przy wykonaniu projektu budowlanego Mapa do cel\u00f3w prawnych niezb\u0119dna przy&hellip; Dowiedz si\u0119 wi\u0119cej\" \/>\n<meta property=\"og:url\" content=\"http:\/\/geo-kompas.pl\/\" \/>\n<meta property=\"og:site_name\" content=\"Geo-Kompas\" \/>\n<meta property=\"article:modified_time\" content=\"2025-07-25T04:46:18+00:00\" \/>\n<meta property=\"og:image\" content=\"http:\/\/geo-kompas.pl\/wp-content\/uploads\/2023\/01\/6.jpg\" \/>\n<meta name=\"twitter:card\" content=\"summary_large_image\" \/>\n<meta name=\"twitter:label1\" content=\"Szacowany czas czytania\" \/>\n\t<meta name=\"twitter:data1\" content=\"4 minuty\" \/>\n<script type=\"application\/ld+json\" class=\"yoast-schema-graph\">{\"@context\":\"https:\/\/schema.org\",\"@graph\":[{\"@type\":\"WebPage\",\"@id\":\"http:\/\/geo-kompas.pl\/\",\"url\":\"http:\/\/geo-kompas.pl\/\",\"name\":\"Dariusz Kozak - Geo-Kompas\",\"isPartOf\":{\"@id\":\"http:\/\/geo-kompas.pl\/#website\"},\"primaryImageOfPage\":{\"@id\":\"http:\/\/geo-kompas.pl\/#primaryimage\"},\"image\":{\"@id\":\"http:\/\/geo-kompas.pl\/#primaryimage\"},\"thumbnailUrl\":\"http:\/\/geo-kompas.pl\/wp-content\/uploads\/2023\/01\/6.jpg\",\"datePublished\":\"2023-01-02T16:45:33+00:00\",\"dateModified\":\"2025-07-25T04:46:18+00:00\",\"breadcrumb\":{\"@id\":\"http:\/\/geo-kompas.pl\/#breadcrumb\"},\"inLanguage\":\"pl-PL\",\"potentialAction\":[{\"@type\":\"ReadAction\",\"target\":[\"http:\/\/geo-kompas.pl\/\"]}]},{\"@type\":\"ImageObject\",\"inLanguage\":\"pl-PL\",\"@id\":\"http:\/\/geo-kompas.pl\/#primaryimage\",\"url\":\"https:\/\/geo-kompas.pl\/wp-content\/uploads\/2023\/01\/6.jpg\",\"contentUrl\":\"https:\/\/geo-kompas.pl\/wp-content\/uploads\/2023\/01\/6.jpg\",\"width\":1424,\"height\":1000},{\"@type\":\"BreadcrumbList\",\"@id\":\"http:\/\/geo-kompas.pl\/#breadcrumb\",\"itemListElement\":[{\"@type\":\"ListItem\",\"position\":1,\"name\":\"Home\",\"item\":\"http:\/\/geo-kompas.pl\/\"},{\"@type\":\"ListItem\",\"position\":2,\"name\":\"Dariusz Kozak\"}]},{\"@type\":\"WebSite\",\"@id\":\"http:\/\/geo-kompas.pl\/#website\",\"url\":\"http:\/\/geo-kompas.pl\/\",\"name\":\"Geo-Kompas\",\"description\":\"\",\"publisher\":{\"@id\":\"http:\/\/geo-kompas.pl\/#organization\"},\"potentialAction\":[{\"@type\":\"SearchAction\",\"target\":{\"@type\":\"EntryPoint\",\"urlTemplate\":\"http:\/\/geo-kompas.pl\/?s={search_term_string}\"},\"query-input\":{\"@type\":\"PropertyValueSpecification\",\"valueRequired\":true,\"valueName\":\"search_term_string\"}}],\"inLanguage\":\"pl-PL\"},{\"@type\":\"Organization\",\"@id\":\"http:\/\/geo-kompas.pl\/#organization\",\"name\":\"Geo-Kompas\",\"url\":\"http:\/\/geo-kompas.pl\/\",\"logo\":{\"@type\":\"ImageObject\",\"inLanguage\":\"pl-PL\",\"@id\":\"http:\/\/geo-kompas.pl\/#\/schema\/logo\/image\/\",\"url\":\"https:\/\/geo-kompas.pl\/wp-content\/uploads\/2023\/01\/cropped-cropped-2_AWERS_wiz_85x55mm_KOMPAS_test-e1674414082975.png\",\"contentUrl\":\"https:\/\/geo-kompas.pl\/wp-content\/uploads\/2023\/01\/cropped-cropped-2_AWERS_wiz_85x55mm_KOMPAS_test-e1674414082975.png\",\"width\":795,\"height\":248,\"caption\":\"Geo-Kompas\"},\"image\":{\"@id\":\"http:\/\/geo-kompas.pl\/#\/schema\/logo\/image\/\"}}]}<\/script>\n<!-- \/ Yoast SEO plugin. -->","yoast_head_json":{"title":"Dariusz Kozak - Geo-Kompas","robots":{"index":"index","follow":"follow","max-snippet":"max-snippet:-1","max-image-preview":"max-image-preview:large","max-video-preview":"max-video-preview:-1"},"canonical":"http:\/\/geo-kompas.pl\/","og_locale":"pl_PL","og_type":"article","og_title":"Dariusz Kozak - Geo-Kompas","og_description":"Oferujemy pe\u0142ny zakres us\u0142ug geodezyjnych w zakresie podstawowych pomiar\u00f3w, podzia\u0142\u00f3w nieruchomo\u015bci oraz obs\u0142ugi inwestycji. Przemawia za nami do\u015bwiadczenie, elastyczno\u015b\u0107 i konkurencyjne ceny. Dzia\u0142amy na terenie powiatu lubartowskiego, parczewskiego, \u0142\u0119czy\u0144skiego i lubelskiego.Zapraszamy do kontaktu. Us\u0142ugi geodezyjne, kartograficzne, obs\u0142uga inwestycji Zadzwo\u0144 Oferujemy Mapa do cel\u00f3w projektowych konieczna przy wykonaniu projektu budowlanego Mapa do cel\u00f3w prawnych niezb\u0119dna przy&hellip; Dowiedz si\u0119 wi\u0119cej","og_url":"http:\/\/geo-kompas.pl\/","og_site_name":"Geo-Kompas","article_modified_time":"2025-07-25T04:46:18+00:00","og_image":[{"url":"http:\/\/geo-kompas.pl\/wp-content\/uploads\/2023\/01\/6.jpg","type":"","width":"","height":""}],"twitter_card":"summary_large_image","twitter_misc":{"Szacowany czas czytania":"4 minuty"},"schema":{"@context":"https:\/\/schema.org","@graph":[{"@type":"WebPage","@id":"http:\/\/geo-kompas.pl\/","url":"http:\/\/geo-kompas.pl\/","name":"Dariusz Kozak - Geo-Kompas","isPartOf":{"@id":"http:\/\/geo-kompas.pl\/#website"},"primaryImageOfPage":{"@id":"http:\/\/geo-kompas.pl\/#primaryimage"},"image":{"@id":"http:\/\/geo-kompas.pl\/#primaryimage"},"thumbnailUrl":"http:\/\/geo-kompas.pl\/wp-content\/uploads\/2023\/01\/6.jpg","datePublished":"2023-01-02T16:45:33+00:00","dateModified":"2025-07-25T04:46:18+00:00","breadcrumb":{"@id":"http:\/\/geo-kompas.pl\/#breadcrumb"},"inLanguage":"pl-PL","potentialAction":[{"@type":"ReadAction","target":["http:\/\/geo-kompas.pl\/"]}]},{"@type":"ImageObject","inLanguage":"pl-PL","@id":"http:\/\/geo-kompas.pl\/#primaryimage","url":"https:\/\/geo-kompas.pl\/wp-content\/uploads\/2023\/01\/6.jpg","contentUrl":"https:\/\/geo-kompas.pl\/wp-content\/uploads\/2023\/01\/6.jpg","width":1424,"height":1000},{"@type":"BreadcrumbList","@id":"http:\/\/geo-kompas.pl\/#breadcrumb","itemListElement":[{"@type":"ListItem","position":1,"name":"Home","item":"http:\/\/geo-kompas.pl\/"},{"@type":"ListItem","position":2,"name":"Dariusz Kozak"}]},{"@type":"WebSite","@id":"http:\/\/geo-kompas.pl\/#website","url":"http:\/\/geo-kompas.pl\/","name":"Geo-Kompas","description":"","publisher":{"@id":"http:\/\/geo-kompas.pl\/#organization"},"potentialAction":[{"@type":"SearchAction","target":{"@type":"EntryPoint","urlTemplate":"http:\/\/geo-kompas.pl\/?s={search_term_string}"},"query-input":{"@type":"PropertyValueSpecification","valueRequired":true,"valueName":"search_term_string"}}],"inLanguage":"pl-PL"},{"@type":"Organization","@id":"http:\/\/geo-kompas.pl\/#organization","name":"Geo-Kompas","url":"http:\/\/geo-kompas.pl\/","logo":{"@type":"ImageObject","inLanguage":"pl-PL","@id":"http:\/\/geo-kompas.pl\/#\/schema\/logo\/image\/","url":"https:\/\/geo-kompas.pl\/wp-content\/uploads\/2023\/01\/cropped-cropped-2_AWERS_wiz_85x55mm_KOMPAS_test-e1674414082975.png","contentUrl":"https:\/\/geo-kompas.pl\/wp-content\/uploads\/2023\/01\/cropped-cropped-2_AWERS_wiz_85x55mm_KOMPAS_test-e1674414082975.png","width":795,"height":248,"caption":"Geo-Kompas"},"image":{"@id":"http:\/\/geo-kompas.pl\/#\/schema\/logo\/image\/"}}]}},"_links":{"self":[{"href":"https:\/\/geo-kompas.pl\/index.php\/wp-json\/wp\/v2\/pages\/8","targetHints":{"allow":["GET"]}}],"collection":[{"href":"https:\/\/geo-kompas.pl\/index.php\/wp-json\/wp\/v2\/pages"}],"about":[{"href":"https:\/\/geo-kompas.pl\/index.php\/wp-json\/wp\/v2\/types\/page"}],"author":[{"embeddable":true,"href":"https:\/\/geo-kompas.pl\/index.php\/wp-json\/wp\/v2\/users\/1"}],"replies":[{"embeddable":true,"href":"https:\/\/geo-kompas.pl\/index.php\/wp-json\/wp\/v2\/comments?post=8"}],"version-history":[{"count":24,"href":"https:\/\/geo-kompas.pl\/index.php\/wp-json\/wp\/v2\/pages\/8\/revisions"}],"predecessor-version":[{"id":89,"href":"https:\/\/geo-kompas.pl\/index.php\/wp-json\/wp\/v2\/pages\/8\/revisions\/89"}],"wp:attachment":[{"href":"https:\/\/geo-kompas.pl\/index.php\/wp-json\/wp\/v2\/media?parent=8"}],"curies":[{"name":"wp","href":"https:\/\/api.w.org\/{rel}","templated":true}]}}